{"id":2142,"date":"2024-09-23T12:49:46","date_gmt":"2024-09-23T10:49:46","guid":{"rendered":"https:\/\/lasvegascasino.hu\/rendezvenyek\/"},"modified":"2025-02-19T13:05:46","modified_gmt":"2025-02-19T12:05:46","slug":"events","status":"publish","type":"page","link":"https:\/\/lasvegascasino.hu\/en\/events\/","title":{"rendered":"Events"},"content":{"rendered":"","protected":false},"excerpt":{"rendered":"","protected":false},"author":3,"featured_media":0,"parent":0,"menu_order":23,"comment_status":"closed","ping_status":"closed","template":"template-events.php","meta":{"_acf_changed":false,"footnotes":""},"class_list":["post-2142","page","type-page","status-publish","hentry"],"acf":[],"yoast_head":"<!-- This site is optimized with the Yoast SEO plugin v26.8 - https:\/\/yoast.com\/product\/yoast-seo-wordpress\/ -->\n<title>Events - Las Vegas Casino<\/title>\n<meta name=\"description\" content=\"Dobd fel c\u00e9ges rendezv\u00e9nyeidet kaszin\u00f3ink szolg\u00e1ltat\u00e1saival! Pr\u00e9mium j\u00e1t\u00e9kasztalok, profi krupi\u00e9k az \u00d6n helysz\u00edn\u00e9n.\" \/>\n<meta name=\"robots\" content=\"index, follow, max-snippet:-1, max-image-preview:large, max-video-preview:-1\" \/>\n<link rel=\"canonical\" href=\"https:\/\/lasvegascasino.hu\/en\/events\/\" \/>\n<meta property=\"og:locale\" content=\"en_US\" \/>\n<meta property=\"og:type\" content=\"article\" \/>\n<meta property=\"og:title\" content=\"Events - Las Vegas Casino\" \/>\n<meta property=\"og:description\" content=\"Dobd fel c\u00e9ges rendezv\u00e9nyeidet kaszin\u00f3ink szolg\u00e1ltat\u00e1saival! Pr\u00e9mium j\u00e1t\u00e9kasztalok, profi krupi\u00e9k az \u00d6n helysz\u00edn\u00e9n.\" \/>\n<meta property=\"og:url\" content=\"https:\/\/lasvegascasino.hu\/en\/events\/\" \/>\n<meta property=\"og:site_name\" content=\"Las Vegas Casino\" \/>\n<meta property=\"article:publisher\" content=\"https:\/\/www.facebook.com\/lasvegassofitel\" \/>\n<meta property=\"article:modified_time\" content=\"2025-02-19T12:05:46+00:00\" \/>\n<meta property=\"og:image\" content=\"https:\/\/lasvegascasino.hu\/wp-content\/uploads\/2024\/09\/placeholder.png\" \/>\n\t<meta property=\"og:image:width\" content=\"1156\" \/>\n\t<meta property=\"og:image:height\" content=\"687\" \/>\n\t<meta property=\"og:image:type\" content=\"image\/png\" \/>\n<meta name=\"twitter:card\" content=\"summary_large_image\" \/>\n<meta name=\"twitter:label1\" content=\"Est. reading time\" \/>\n\t<meta name=\"twitter:data1\" content=\"2 minutes\" \/>\n<script type=\"application\/ld+json\" class=\"yoast-schema-graph\">{\"@context\":\"https:\/\/schema.org\",\"@graph\":[{\"@type\":\"WebPage\",\"@id\":\"https:\/\/lasvegascasino.hu\/en\/events\/\",\"url\":\"https:\/\/lasvegascasino.hu\/en\/events\/\",\"name\":\"Events - Las Vegas Casino\",\"isPartOf\":{\"@id\":\"https:\/\/lasvegascasino.hu\/en\/#website\"},\"datePublished\":\"2024-09-23T10:49:46+00:00\",\"dateModified\":\"2025-02-19T12:05:46+00:00\",\"description\":\"Dobd fel c\u00e9ges rendezv\u00e9nyeidet kaszin\u00f3ink szolg\u00e1ltat\u00e1saival! Pr\u00e9mium j\u00e1t\u00e9kasztalok, profi krupi\u00e9k az \u00d6n helysz\u00edn\u00e9n.\",\"breadcrumb\":{\"@id\":\"https:\/\/lasvegascasino.hu\/en\/events\/#breadcrumb\"},\"inLanguage\":\"en-US\",\"potentialAction\":[{\"@type\":\"ReadAction\",\"target\":[\"https:\/\/lasvegascasino.hu\/en\/events\/\"]}]},{\"@type\":\"BreadcrumbList\",\"@id\":\"https:\/\/lasvegascasino.hu\/en\/events\/#breadcrumb\",\"itemListElement\":[{\"@type\":\"ListItem\",\"position\":1,\"name\":\"Main page\",\"item\":\"https:\/\/lasvegascasino.hu\/en\/\"},{\"@type\":\"ListItem\",\"position\":2,\"name\":\"Events\"}]},{\"@type\":\"WebSite\",\"@id\":\"https:\/\/lasvegascasino.hu\/en\/#website\",\"url\":\"https:\/\/lasvegascasino.hu\/en\/\",\"name\":\"Las Vegas Casino\",\"description\":\"\",\"publisher\":{\"@id\":\"https:\/\/lasvegascasino.hu\/en\/#organization\"},\"potentialAction\":[{\"@type\":\"SearchAction\",\"target\":{\"@type\":\"EntryPoint\",\"urlTemplate\":\"https:\/\/lasvegascasino.hu\/en\/?s={search_term_string}\"},\"query-input\":{\"@type\":\"PropertyValueSpecification\",\"valueRequired\":true,\"valueName\":\"search_term_string\"}}],\"inLanguage\":\"en-US\"},{\"@type\":\"Organization\",\"@id\":\"https:\/\/lasvegascasino.hu\/en\/#organization\",\"name\":\"Las Vegas Casino\",\"url\":\"https:\/\/lasvegascasino.hu\/en\/\",\"logo\":{\"@type\":\"ImageObject\",\"inLanguage\":\"en-US\",\"@id\":\"https:\/\/lasvegascasino.hu\/en\/#\/schema\/logo\/image\/\",\"url\":\"https:\/\/lasvegascasino.hu\/wp-content\/uploads\/2024\/09\/logo.svg\",\"contentUrl\":\"https:\/\/lasvegascasino.hu\/wp-content\/uploads\/2024\/09\/logo.svg\",\"width\":1,\"height\":1,\"caption\":\"Las Vegas Casino\"},\"image\":{\"@id\":\"https:\/\/lasvegascasino.hu\/en\/#\/schema\/logo\/image\/\"},\"sameAs\":[\"https:\/\/www.facebook.com\/lasvegassofitel\"]}]}<\/script>\n<!-- \/ Yoast SEO plugin. -->","yoast_head_json":{"title":"Events - Las Vegas Casino","description":"Dobd fel c\u00e9ges rendezv\u00e9nyeidet kaszin\u00f3ink szolg\u00e1ltat\u00e1saival! Pr\u00e9mium j\u00e1t\u00e9kasztalok, profi krupi\u00e9k az \u00d6n helysz\u00edn\u00e9n.","robots":{"index":"index","follow":"follow","max-snippet":"max-snippet:-1","max-image-preview":"max-image-preview:large","max-video-preview":"max-video-preview:-1"},"canonical":"https:\/\/lasvegascasino.hu\/en\/events\/","og_locale":"en_US","og_type":"article","og_title":"Events - Las Vegas Casino","og_description":"Dobd fel c\u00e9ges rendezv\u00e9nyeidet kaszin\u00f3ink szolg\u00e1ltat\u00e1saival! Pr\u00e9mium j\u00e1t\u00e9kasztalok, profi krupi\u00e9k az \u00d6n helysz\u00edn\u00e9n.","og_url":"https:\/\/lasvegascasino.hu\/en\/events\/","og_site_name":"Las Vegas Casino","article_publisher":"https:\/\/www.facebook.com\/lasvegassofitel","article_modified_time":"2025-02-19T12:05:46+00:00","og_image":[{"width":1156,"height":687,"url":"https:\/\/lasvegascasino.hu\/wp-content\/uploads\/2024\/09\/placeholder.png","type":"image\/png"}],"twitter_card":"summary_large_image","twitter_misc":{"Est. reading time":"2 minutes"},"schema":{"@context":"https:\/\/schema.org","@graph":[{"@type":"WebPage","@id":"https:\/\/lasvegascasino.hu\/en\/events\/","url":"https:\/\/lasvegascasino.hu\/en\/events\/","name":"Events - Las Vegas Casino","isPartOf":{"@id":"https:\/\/lasvegascasino.hu\/en\/#website"},"datePublished":"2024-09-23T10:49:46+00:00","dateModified":"2025-02-19T12:05:46+00:00","description":"Dobd fel c\u00e9ges rendezv\u00e9nyeidet kaszin\u00f3ink szolg\u00e1ltat\u00e1saival! Pr\u00e9mium j\u00e1t\u00e9kasztalok, profi krupi\u00e9k az \u00d6n helysz\u00edn\u00e9n.","breadcrumb":{"@id":"https:\/\/lasvegascasino.hu\/en\/events\/#breadcrumb"},"inLanguage":"en-US","potentialAction":[{"@type":"ReadAction","target":["https:\/\/lasvegascasino.hu\/en\/events\/"]}]},{"@type":"BreadcrumbList","@id":"https:\/\/lasvegascasino.hu\/en\/events\/#breadcrumb","itemListElement":[{"@type":"ListItem","position":1,"name":"Main page","item":"https:\/\/lasvegascasino.hu\/en\/"},{"@type":"ListItem","position":2,"name":"Events"}]},{"@type":"WebSite","@id":"https:\/\/lasvegascasino.hu\/en\/#website","url":"https:\/\/lasvegascasino.hu\/en\/","name":"Las Vegas Casino","description":"","publisher":{"@id":"https:\/\/lasvegascasino.hu\/en\/#organization"},"potentialAction":[{"@type":"SearchAction","target":{"@type":"EntryPoint","urlTemplate":"https:\/\/lasvegascasino.hu\/en\/?s={search_term_string}"},"query-input":{"@type":"PropertyValueSpecification","valueRequired":true,"valueName":"search_term_string"}}],"inLanguage":"en-US"},{"@type":"Organization","@id":"https:\/\/lasvegascasino.hu\/en\/#organization","name":"Las Vegas Casino","url":"https:\/\/lasvegascasino.hu\/en\/","logo":{"@type":"ImageObject","inLanguage":"en-US","@id":"https:\/\/lasvegascasino.hu\/en\/#\/schema\/logo\/image\/","url":"https:\/\/lasvegascasino.hu\/wp-content\/uploads\/2024\/09\/logo.svg","contentUrl":"https:\/\/lasvegascasino.hu\/wp-content\/uploads\/2024\/09\/logo.svg","width":1,"height":1,"caption":"Las Vegas Casino"},"image":{"@id":"https:\/\/lasvegascasino.hu\/en\/#\/schema\/logo\/image\/"},"sameAs":["https:\/\/www.facebook.com\/lasvegassofitel"]}]}},"_links":{"self":[{"href":"https:\/\/lasvegascasino.hu\/en\/wp-json\/wp\/v2\/pages\/2142","targetHints":{"allow":["GET"]}}],"collection":[{"href":"https:\/\/lasvegascasino.hu\/en\/wp-json\/wp\/v2\/pages"}],"about":[{"href":"https:\/\/lasvegascasino.hu\/en\/wp-json\/wp\/v2\/types\/page"}],"author":[{"embeddable":true,"href":"https:\/\/lasvegascasino.hu\/en\/wp-json\/wp\/v2\/users\/3"}],"replies":[{"embeddable":true,"href":"https:\/\/lasvegascasino.hu\/en\/wp-json\/wp\/v2\/comments?post=2142"}],"version-history":[{"count":0,"href":"https:\/\/lasvegascasino.hu\/en\/wp-json\/wp\/v2\/pages\/2142\/revisions"}],"wp:attachment":[{"href":"https:\/\/lasvegascasino.hu\/en\/wp-json\/wp\/v2\/media?parent=2142"}],"curies":[{"name":"wp","href":"https:\/\/api.w.org\/{rel}","templated":true}]}}